{"id":2,"date":"2007-06-23T22:09:27","date_gmt":"2007-06-23T20:09:27","guid":{"rendered":""},"modified":"2007-06-27T08:27:56","modified_gmt":"2007-06-27T06:27:56","slug":"om","status":"publish","type":"page","link":"https:\/\/loke-freja.pirateboy.net\/?page_id=2","title":{"rendered":"Om oss"},"content":{"rendered":"<p>Vi heter Loke Stenstr\u00f6m och Freja Stenstr\u00f6m. Loke \u00e4r f\u00f6dd 2001 och Freja \u00e4r f\u00f6dd 2004. Vi bor p\u00e5 landet i Sk\u00e5ne och \u00e4r ett par glada laxar!<\/p>\n","protected":false},"excerpt":{"rendered":"<p>Vi heter Loke Stenstr\u00f6m och Freja Stenstr\u00f6m. Loke \u00e4r f\u00f6dd 2001 och Freja \u00e4r f\u00f6dd 2004. Vi bor p\u00e5 landet i Sk\u00e5ne och \u00e4r ett par glada laxar!<\/p>\n","protected":false},"author":38,"featured_media":0,"parent":0,"menu_order":0,"comment_status":"open","ping_status":"open","template":"","meta":{"footnotes":""},"class_list":["post-2","page","type-page","status-publish","hentry"],"_links":{"self":[{"href":"https:\/\/loke-freja.pirateboy.net\/index.php?rest_route=\/wp\/v2\/pages\/2","targetHints":{"allow":["GET"]}}],"collection":[{"href":"https:\/\/loke-freja.pirateboy.net\/index.php?rest_route=\/wp\/v2\/pages"}],"about":[{"href":"https:\/\/loke-freja.pirateboy.net\/index.php?rest_route=\/wp\/v2\/types\/page"}],"author":[{"embeddable":true,"href":"https:\/\/loke-freja.pirateboy.net\/index.php?rest_route=\/wp\/v2\/users\/38"}],"replies":[{"embeddable":true,"href":"https:\/\/loke-freja.pirateboy.net\/index.php?rest_route=%2Fwp%2Fv2%2Fcomments&post=2"}],"version-history":[{"count":0,"href":"https:\/\/loke-freja.pirateboy.net\/index.php?rest_route=\/wp\/v2\/pages\/2\/revisions"}],"wp:attachment":[{"href":"https:\/\/loke-freja.pirateboy.net\/index.php?rest_route=%2Fwp%2Fv2%2Fmedia&parent=2"}],"curies":[{"name":"wp","href":"https:\/\/api.w.org\/{rel}","templated":true}]}}